{"id":5800,"date":"2021-03-30T13:48:27","date_gmt":"2021-03-30T11:48:27","guid":{"rendered":"https:\/\/www.absinthemarket.com\/entdecken-sie-absinth-um-alles-ueber-die-gruene-fee-zu-erfahren\/"},"modified":"2021-06-06T10:19:31","modified_gmt":"2021-06-06T08:19:31","slug":"absinth-entdecken","status":"publish","type":"page","link":"https:\/\/www.absinthemarket.com\/de\/absinth-entdecken\/","title":{"rendered":"Entdecken Sie Absinth, um alles \u00fcber die gr\u00fcne Fee zu erfahren"},"content":{"rendered":"<div class=\"wpb-content-wrapper\"><p>[vc_row][vc_column]\n\t\t<div id=\"wd-5ed8ec4d25e7d\" class=\"title-wrapper wd-wpb wd-set-mb reset-last-child  wd-rs-5ed8ec4d25e7d wd-title-color-default wd-title-style-default text-center  wd-underline-colored\">\n\t\t\t\t\t\t\t\n\t\t\t\t<div class=\"title-subtitle  subtitle-color-default font-default subtitle-style-background wd-font-weight- wd-fontsize-m\">ENTDECKEN<\/div>\n\t\t\t\n\t\t\t<div class=\"liner-continer\">\n\t\t\t\t<h1 class=\"woodmart-title-container title  wd-font-weight- wd-fontsize-xxxl\" >Absinth entdecken: Rezepte, Pflanzen, Aromen, Verkostungsmethoden...<\/h1>\n\t\t\t\t\t\t\t<\/div>\n\t\t\t\n\t\t\t\n\t\t\t\n\t\t<\/div>\n\t\t\n\t\t[vc_single_image image=&#8220;3662&#8243; img_size=&#8220;full&#8220; parallax_scroll=&#8220;no&#8220;][vc_column_text text_larger=&#8220;no&#8220; el_class=&#8220;chapeau&#8220;]Entdecken Sie alle Facetten des Absinths. Seine Produktion, die Pflanzen, aus denen er besteht, die vielen Aromen, die ihn verfeinern, die Unterschiede zwischen wei\u00dfen oder gr\u00fcnen Absinthen und die Verkostungsrituale, die ihn ber\u00fchmt gemacht haben: Brunnen und L\u00f6ffel. Denjenigen, die sich das immer noch fragen, sei versichert: Nein, Absinth macht nicht verr\u00fcckt![\/vc_column_text][\/vc_column][\/vc_row][vc_row][vc_column width=&#8220;1\/2&#8243; css=&#8220;.vc_custom_1591276735439{margin-bottom: 20px !important;}&#8220; mobile_bg_img_hidden=&#8220;no&#8220; tablet_bg_img_hidden=&#8220;no&#8220; woodmart_parallax=&#8220;0&#8243; woodmart_sticky_column=&#8220;false&#8220; parallax_scroll=&#8220;no&#8220; mobile_reset_margin=&#8220;no&#8220; tablet_reset_margin=&#8220;no&#8220;][vc_column_text text_larger=&#8220;no&#8220; css=&#8220;.vc_custom_1622967423719{margin-bottom: 15px !important;}&#8220; woodmart_inline=&#8220;no&#8220;]<\/p>\n<h2><a href=\"https:\/\/www.absinthemarket.com\/de\/was-ist-absinth\/\">Was ist Absinth?<\/a><\/h2>\n<p>[\/vc_column_text][vc_column_text text_larger=&#8220;no&#8220; el_class=&#8220;article&#8220; css=&#8220;.vc_custom_1608299236425{margin-bottom: 20px !important;}&#8220;]Absinth ist eines der legend\u00e4rsten Schweizer Produkte. Es wurde im Val-de-Travers im Kanton Neuenburg erfunden und ist das destillierte Getr\u00e4nk mit dem h\u00f6chsten Alkoholvolumen von 48 bis 77 Vol.-%. Wie wird er hergestellt? Welche Pflanzen flie\u00dfen in die Zusammensetzung ein? Wie lagere ich ihn? Alles, erfahren Sie einfach alles \u00fcber die mystische Gr\u00fcne Fee.[\/vc_column_text]<div id=\"wd-60bc84825fdc7\" class=\" wd-rs-60bc84825fdc7  wd-button-wrapper text-left\"><a href=\"https:\/\/www.absinthemarket.com\/de\/was-ist-absinth\/\" title=\"\" style=\"--btn-color:#fff;--btn-color-hover:#fff;\" class=\"btn btn-style-default btn-shape-rectangle btn-size-default\">Weiterlesen<\/a><\/div>[\/vc_column][vc_column width=&#8220;1\/2&#8243;][vc_single_image image=&#8220;3668&#8243; img_size=&#8220;full&#8220; onclick=&#8220;custom_link&#8220; parallax_scroll=&#8220;no&#8220; link=&#8220;https:\/\/www.absinthemarket.com\/de\/was-ist-absinth\/&#8220; woodmart_inline=&#8220;no&#8220;][\/vc_column][\/vc_row][vc_row][vc_column width=&#8220;1\/2&#8243; css=&#8220;.vc_custom_1591276741228{margin-bottom: 20px !important;}&#8220; mobile_bg_img_hidden=&#8220;no&#8220; tablet_bg_img_hidden=&#8220;no&#8220; woodmart_parallax=&#8220;0&#8243; woodmart_sticky_column=&#8220;false&#8220; parallax_scroll=&#8220;no&#8220; mobile_reset_margin=&#8220;no&#8220; tablet_reset_margin=&#8220;no&#8220;][vc_column_text text_larger=&#8220;no&#8220; css=&#8220;.vc_custom_1622967457641{margin-bottom: 15px !important;}&#8220; woodmart_inline=&#8220;no&#8220;]<\/p>\n<h2><a href=\"https:\/\/www.absinthemarket.com\/de\/klarer-absinth-gruener-absinth\/\">Verte oder Blanche? Welche Unterschiede?<\/a><\/h2>\n<p>[\/vc_column_text][vc_column_text text_larger=&#8220;no&#8220; el_class=&#8220;article&#8220; css=&#8220;.vc_custom_1608299263137{margin-bottom: 20px !important;}&#8220;]Ein destillierter Absinth ist immer wei\u00df oder \u201etransparent\u201c. In einem zweiten Verfahren wird der Wermut gr\u00fcn get\u00f6nt, entweder durch kurze oder l\u00e4ngere Mazeration oder durch Durchlaufen eines \u201eWollstrumpfes\u201c oder durch Hinzuf\u00fcgen einer Urtinktur. W\u00e4hrend manche chemische Farbstoffe verwenden, ist die Farbe im Val-de-Travers immer nat\u00fcrlich. Wie l\u00e4uft dieses Verfahren ab? Welche Pflanzen werden verwendet? Und was sind die Eigenschaften?[\/vc_column_text]<div id=\"wd-60bc84a474417\" class=\" wd-rs-60bc84a474417  wd-button-wrapper text-left\"><a href=\"https:\/\/www.absinthemarket.com\/de\/klarer-absinth-gruener-absinth\/\" title=\"\" style=\"--btn-color:#fff;--btn-color-hover:#fff;\" class=\"btn btn-style-default btn-shape-rectangle btn-size-default\">Weiterlesen<\/a><\/div>[\/vc_column][vc_column width=&#8220;1\/2&#8243;][vc_single_image image=&#8220;3682&#8243; img_size=&#8220;full&#8220; onclick=&#8220;custom_link&#8220; parallax_scroll=&#8220;no&#8220; link=&#8220;https:\/\/www.absinthemarket.com\/de\/klarer-absinth-gruener-absinth\/&#8220; woodmart_inline=&#8220;no&#8220;][\/vc_column][\/vc_row][vc_row][vc_column width=&#8220;1\/2&#8243; css=&#8220;.vc_custom_1591276747446{margin-bottom: 20px !important;}&#8220; mobile_bg_img_hidden=&#8220;no&#8220; tablet_bg_img_hidden=&#8220;no&#8220; woodmart_parallax=&#8220;0&#8243; woodmart_sticky_column=&#8220;false&#8220; parallax_scroll=&#8220;no&#8220; mobile_reset_margin=&#8220;no&#8220; tablet_reset_margin=&#8220;no&#8220;][vc_column_text text_larger=&#8220;no&#8220; css=&#8220;.vc_custom_1622967493080{margin-bottom: 15px !important;}&#8220; woodmart_inline=&#8220;no&#8220;]<\/p>\n<h2><a href=\"https:\/\/www.absinthemarket.com\/de\/absinth-geschmack\/\">Lernen Sie, Absinth zu verkosten: Seine verschiedenen Geschmacksrichtungen<\/a><\/h2>\n<p>[\/vc_column_text][vc_column_text text_larger=&#8220;no&#8220; el_class=&#8220;article&#8220; css=&#8220;.vc_custom_1608299290282{margin-bottom: 20px !important;}&#8220;]Absinth pr\u00e4sentiert eine erstaunliche Vielfalt an Aromen, die von der Vielfalt der Pflanzen abh\u00e4ngig ist, die vom Brenner verwendet werden, aber auch von dessen Know-how. Man unterscheidet also anislastige, s\u00fc\u00dfe, bittere, pflanzliche, blumige und komplexe Absinthe. Erfahren Sie hier, wie Sie die Feinheit dieser Aromen erkennen und den Absinth ausw\u00e4hlen, der zu Ihrem Gaumen passt.[\/vc_column_text]<div id=\"wd-60bc84c78df03\" class=\" wd-rs-60bc84c78df03  wd-button-wrapper text-left\"><a href=\"https:\/\/www.absinthemarket.com\/de\/absinth-geschmack\/\" title=\"\" style=\"--btn-color:#fff;--btn-color-hover:#fff;\" class=\"btn btn-style-default btn-shape-rectangle btn-size-default\">Weiterlesen<\/a><\/div>[\/vc_column][vc_column width=&#8220;1\/2&#8243;][vc_single_image image=&#8220;3671&#8243; img_size=&#8220;full&#8220; onclick=&#8220;custom_link&#8220; parallax_scroll=&#8220;no&#8220; link=&#8220;https:\/\/www.absinthemarket.com\/de\/absinth-geschmack\/&#8220; woodmart_inline=&#8220;no&#8220;][\/vc_column][\/vc_row][vc_row][vc_column width=&#8220;1\/2&#8243; css=&#8220;.vc_custom_1591276355070{margin-bottom: 20px !important;}&#8220; mobile_bg_img_hidden=&#8220;no&#8220; tablet_bg_img_hidden=&#8220;no&#8220; woodmart_parallax=&#8220;0&#8243; woodmart_sticky_column=&#8220;false&#8220; parallax_scroll=&#8220;no&#8220; mobile_reset_margin=&#8220;no&#8220; tablet_reset_margin=&#8220;no&#8220;][vc_column_text text_larger=&#8220;no&#8220; css=&#8220;.vc_custom_1622967526816{margin-bottom: 15px !important;}&#8220; woodmart_inline=&#8220;no&#8220;]<\/p>\n<h2><a href=\"https:\/\/www.absinthemarket.com\/de\/absinth-verkosten\/\">Absinth-Verkostungsrituale: Verd\u00fcnnung, Zucker, L\u00f6ffel, Brunnen<\/a><\/h2>\n<p>[\/vc_column_text][vc_column_text text_larger=&#8220;no&#8220; el_class=&#8220;article&#8220; css=&#8220;.vc_custom_1608299322777{margin-bottom: 20px !important;}&#8220;]Die Verkostung von Absinth ist ein ziemliches Ritual! Er wird immer mit Wasser verkostet, das seine Aromen in einer spektakul\u00e4ren Tr\u00fcbung freisetzt. Hierf\u00fcr gibt es nichts Besseres als einen Brunnen, der den Absinth f\u00fcr eine optimale Kelle \u201eschl\u00e4gt\u201c. Und wie in der Belle \u00c9poque k\u00f6nnen verschiedene bittere Absinthe durch Zucker auf einem L\u00f6ffel gefiltert genossen werden. Erfahren Sie, wie Sie einen Absinth so verkosten, wie er sein sollte, und besorgen Sie sich das notwendige Zubeh\u00f6r in unserem Shop.[\/vc_column_text]<div id=\"wd-60bc84e92811c\" class=\" wd-rs-60bc84e92811c  wd-button-wrapper text-left\"><a href=\"https:\/\/www.absinthemarket.com\/de\/absinth-verkosten\/\" title=\"\" style=\"--btn-color:#fff;--btn-color-hover:#fff;\" class=\"btn btn-style-default btn-shape-rectangle btn-size-default\">Weiterlesen<\/a><\/div>[\/vc_column][vc_column width=&#8220;1\/2&#8243;][vc_single_image image=&#8220;3674&#8243; img_size=&#8220;full&#8220; onclick=&#8220;custom_link&#8220; parallax_scroll=&#8220;no&#8220; link=&#8220;https:\/\/www.absinthemarket.com\/de\/absinth-verkosten\/&#8220; woodmart_inline=&#8220;no&#8220;][\/vc_column][\/vc_row][vc_row][vc_column width=&#8220;1\/2&#8243; css=&#8220;.vc_custom_1591276759710{margin-bottom: 20px !important;}&#8220; mobile_bg_img_hidden=&#8220;no&#8220; tablet_bg_img_hidden=&#8220;no&#8220; woodmart_parallax=&#8220;0&#8243; woodmart_sticky_column=&#8220;false&#8220; parallax_scroll=&#8220;no&#8220; mobile_reset_margin=&#8220;no&#8220; tablet_reset_margin=&#8220;no&#8220;][vc_column_text text_larger=&#8220;no&#8220; css=&#8220;.vc_custom_1622967553328{margin-bottom: 15px !important;}&#8220; woodmart_inline=&#8220;no&#8220;]<\/p>\n<h2><a href=\"https:\/\/www.absinthemarket.com\/de\/thujon-absinth\/\">Thujon: Das Molek\u00fcl, welches das Absinthverbot ausl\u00f6ste<\/a><\/h2>\n<p>[\/vc_column_text][vc_column_text text_larger=&#8220;no&#8220; el_class=&#8220;article&#8220; css=&#8220;.vc_custom_1608299349161{margin-bottom: 20px !important;}&#8220;]Lange Zeit erz\u00e4hlte man sich, dass Absinth verr\u00fcckt macht. Schuld daran ist eines der in der Wermutpflanze enthaltenen Molek\u00fcle, Thujon, das in hohen Dosen halluzinogen ist. Es ist dieser Behauptung geschuldet, dass die Schweiz, danach auch Frankreich, dieses Getr\u00e4nk zu Beginn des 20. Jahrhunderts verboten hat. Seitdem hat die Wissenschaft dieses Ger\u00fccht mehrfach widerlegt.[\/vc_column_text]<div id=\"wd-60bc85032a576\" class=\" wd-rs-60bc85032a576  wd-button-wrapper text-left\"><a href=\"https:\/\/www.absinthemarket.com\/de\/thujon-absinth\/\" title=\"\" style=\"--btn-color:#fff;--btn-color-hover:#fff;\" class=\"btn btn-style-default btn-shape-rectangle btn-size-default\">Weiterlesen<\/a><\/div>[\/vc_column][vc_column width=&#8220;1\/2&#8243;][vc_single_image image=&#8220;3677&#8243; img_size=&#8220;full&#8220; onclick=&#8220;custom_link&#8220; parallax_scroll=&#8220;no&#8220; link=&#8220;https:\/\/www.absinthemarket.com\/de\/thujon-absinth\/&#8220; woodmart_inline=&#8220;no&#8220;][\/vc_column][\/vc_row]<\/p>\n<\/div>","protected":false},"excerpt":{"rendered":"<p>[vc_row][vc_column][vc_single_image image=&#8220;3662&#8243; img_size=&#8220;full&#8220; parallax_scroll=&#8220;no&#8220;][vc_column_text text_larger=&#8220;no&#8220; el_class=&#8220;chapeau&#8220;]Entdecken Sie alle Facetten des Absinths. Seine Produktion, die Pflanzen, aus denen er besteht, die<\/p>\n","protected":false},"author":1,"featured_media":3662,"parent":0,"menu_order":0,"comment_status":"closed","ping_status":"closed","template":"","meta":{"footnotes":""},"class_list":["post-5800","page","type-page","status-publish","has-post-thumbnail","hentry"],"_links":{"self":[{"href":"https:\/\/www.absinthemarket.com\/de\/wp-json\/wp\/v2\/pages\/5800","targetHints":{"allow":["GET"]}}],"collection":[{"href":"https:\/\/www.absinthemarket.com\/de\/wp-json\/wp\/v2\/pages"}],"about":[{"href":"https:\/\/www.absinthemarket.com\/de\/wp-json\/wp\/v2\/types\/page"}],"author":[{"embeddable":true,"href":"https:\/\/www.absinthemarket.com\/de\/wp-json\/wp\/v2\/users\/1"}],"replies":[{"embeddable":true,"href":"https:\/\/www.absinthemarket.com\/de\/wp-json\/wp\/v2\/comments?post=5800"}],"version-history":[{"count":5,"href":"https:\/\/www.absinthemarket.com\/de\/wp-json\/wp\/v2\/pages\/5800\/revisions"}],"predecessor-version":[{"id":6708,"href":"https:\/\/www.absinthemarket.com\/de\/wp-json\/wp\/v2\/pages\/5800\/revisions\/6708"}],"wp:featuredmedia":[{"embeddable":true,"href":"https:\/\/www.absinthemarket.com\/de\/wp-json\/wp\/v2\/media\/3662"}],"wp:attachment":[{"href":"https:\/\/www.absinthemarket.com\/de\/wp-json\/wp\/v2\/media?parent=5800"}],"curies":[{"name":"wp","href":"https:\/\/api.w.org\/{rel}","templated":true}]}}