{"id":10509,"date":"2025-12-01T13:25:14","date_gmt":"2025-12-01T12:25:14","guid":{"rendered":"https:\/\/www.absinthemarket.com\/?page_id=10509"},"modified":"2025-12-01T13:25:15","modified_gmt":"2025-12-01T12:25:15","slug":"herve-beuret-sylvie-jeanmairet","status":"publish","type":"page","link":"https:\/\/www.absinthemarket.com\/de\/herve-beuret-sylvie-jeanmairet\/","title":{"rendered":"Absinths von Herv\u00e9 Beuret und Sylvie Jeanmairet"},"content":{"rendered":"<div class=\"wpb-content-wrapper\"><p>[vc_row][vc_column]\n\t\t<div id=\"wd-69256e8f540e1\" class=\"title-wrapper wd-wpb wd-set-mb reset-last-child  wd-rs-69256e8f540e1 wd-title-color-default wd-title-style-default text-center  wd-underline-colored\">\n\t\t\t\t\t\t\t\n\t\t\t\t<div class=\"title-subtitle  subtitle-color-default font-default subtitle-style-background wd-font-weight- wd-fontsize-m\">BRENNEREIEN<\/div>\n\t\t\t\n\t\t\t<div class=\"liner-continer\">\n\t\t\t\t<h1 class=\"woodmart-title-container title  wd-font-weight- wd-fontsize-xxxl\" >Herv\u00e9 Beuret und Sylvie Jeanmairet<\/h1>\n\t\t\t\t\t\t\t<\/div>\n\t\t\t\n\t\t\t\n\t\t\t\n\t\t<\/div>\n\t\t\n\t\t[vc_single_image image=&#8220;10517&#8243; img_size=&#8220;full&#8220; css=&#8220;&#8220; parallax_scroll=&#8220;no&#8220; woodmart_inline=&#8220;no&#8220;][vc_column_text css=&#8220;&#8220; text_larger=&#8220;no&#8220; el_class=&#8220;article&#8220; woodmart_inline=&#8220;no&#8220;]Ort: Fleurier, Val-de-Travers<\/p>\n<p>Sie geh\u00f6ren zu dieser neuen Generation von Destillateuren, die der Absinthwelt einen kr\u00e4ftigen Frischekick verleihen. Herv\u00e9 Beuret und seine Partnerin Sylvie Jeanmairet \u2013 beide entspannt in den Vierzigern \u2013 haben beschlossen, den kleinen Funken Verr\u00fccktheit der Gr\u00fcnen Fee bewusst auszukosten.<\/p>\n<p>Und das Programm hat es in sich: drei Absinths, so verr\u00fcckt wie ihre (wundersch\u00f6nen) Etiketten es versprechen.<\/p>\n<p>Zuerst ihr Star: \u00abLa Folle\u00bb, komplex, kr\u00e4uterbetont und dennoch perfekt ausgewogen, erh\u00e4ltlich in zahlreichen originellen Varianten. \u00abLa Furieuse\u00bb, sehr, sehr b\u00f6se mit ihren 79\u00b0 Alkohol \u2013 eine der st\u00e4rksten Absinths in unserem Sortiment! Und dann die \u00abFolle \u00e0 lier\u00bb, deutlich sanfter (54 %) und herrlich \u201eyummy\u201c in ihrem leuchtend rosafarbenen Kleid\u2026 mit Rhabarbersaft (ja, wirklich \u2013 und die S\u00e4ure ist geblieben!).<\/p>\n<p>Herv\u00e9s \u201eTouch\u201c zeigt sich auch in der Originalit\u00e4t seiner Flaschen. Kein Wunder: Der Absinthliebhaber ist gleichzeitig K\u00fcnstler, gelernter Grafiker und leidenschaftlicher Street-Art-Fan. Also spielt er damit \u2013 mit Logos, Formen oder der Transparenz der Flaschen, die unsere Neugier ganz bewusst herausfordert.<\/p>\n<p>F\u00fcr die handwerkliche Destillation ihrer Kreationen haben sie sich die Cr\u00e8me de la Cr\u00e8me ins Boot geholt: Christophe Racine, den \u201eMeisterdestillateur\u201c der mehrfach ausgezeichneten und weit \u00fcber das Tal hinaus bekannten Distillerie du Val-de-Travers. Ein echtes Dream-Team f\u00fcr Absinths, die die Fantasie ankurbeln und die Synapsen in Bewegung bringen. Verr\u00fcckt \u2013 im besten Sinne![\/vc_column_text][\/vc_column][\/vc_row][vc_row][vc_column]\n\t\t<div id=\"wd-692570e800616\" class=\"title-wrapper wd-wpb wd-set-mb reset-last-child  wd-rs-692570e800616 wd-title-color-primary wd-title-style-underlined text-center  wd-underline-colored\">\n\t\t\t\n\t\t\t<div class=\"liner-continer\">\n\t\t\t\t<h2 class=\"woodmart-title-container title  wd-font-weight- wd-fontsize-xl\" >Absinths von Herv\u00e9 Beuret und Sylvie Jeanmairet<\/h2>\n\t\t\t\t\t\t\t<\/div>\n\t\t\t\n\t\t\t\n\t\t\t\n\t\t<\/div>\n\t\t\n\t\t\t\t\t<div class=\"wd-products-element wd-rs-692d88d877009 wd-wpb\">\n\t\t\t\n\t\t\n\t\t\t\t\t<div class=\"products wd-products  grid-columns-3 elements-grid wd-grid-g wd-loop-builder-off\" data-paged=\"1\" data-atts=\"{&quot;post_type&quot;:&quot;ids&quot;,&quot;include&quot;:&quot;10607, 10623, 10625&quot;,&quot;columns&quot;:&quot;3&quot;,&quot;sale_countdown&quot;:&quot;0&quot;,&quot;stock_progress_bar&quot;:&quot;0&quot;,&quot;highlighted_products&quot;:&quot;0&quot;,&quot;products_bordered_grid&quot;:&quot;0&quot;,&quot;products_with_background&quot;:&quot;0&quot;,&quot;products_shadow&quot;:&quot;0&quot;,&quot;orderby&quot;:&quot;post__in&quot;,&quot;woodmart_css_id&quot;:&quot;692d88d877009&quot;,&quot;force_not_ajax&quot;:&quot;no&quot;}\" data-source=\"shortcode\" data-columns=\"3\" style=\"--wd-col-lg:3;--wd-col-md:3;--wd-col-sm:2;--wd-gap-lg:30px;--wd-gap-sm:10px;\">\n\t\t\t<div class=\"wd-product wd-col wd-hover-base wd-hover-with-fade product-no-swatches product-grid-item product type-product post-10607 status-publish instock product_cat-klare-absinthe has-post-thumbnail taxable shipping-taxable purchasable product-type-simple\" data-loop=\"1\" data-id=\"10607\">\n\t\n<div class=\"wd-product-wrapper product-wrapper\">\n\t<div class=\"wd-product-card-bg content-product-imagin\"><\/div>\n\t<div class=\"wd-product-thumb product-element-top wd-quick-shop\">\n\t\t<a href=\"https:\/\/www.absinthemarket.com\/de\/produkt\/absinthe-la-folle\/\" class=\"wd-product-img-link product-image-link\" tabindex=\"-1\" aria-label=\"Absinth La Folle 70cl\">\n\t\t\t<img decoding=\"async\" width=\"600\" height=\"600\" src=\"https:\/\/www.absinthemarket.com\/wp-content\/uploads\/2025\/11\/absinthe-la-folle-70cl-600x600.webp\" class=\"attachment-woocommerce_thumbnail size-woocommerce_thumbnail\" alt=\"Absinthe La Folle 70cl\" srcset=\"https:\/\/www.absinthemarket.com\/wp-content\/uploads\/2025\/11\/absinthe-la-folle-70cl-600x600.webp 600w, https:\/\/www.absinthemarket.com\/wp-content\/uploads\/2025\/11\/absinthe-la-folle-70cl-300x300.webp 300w, https:\/\/www.absinthemarket.com\/wp-content\/uploads\/2025\/11\/absinthe-la-folle-70cl-150x150.webp 150w, https:\/\/www.absinthemarket.com\/wp-content\/uploads\/2025\/11\/absinthe-la-folle-70cl-768x768.webp 768w, https:\/\/www.absinthemarket.com\/wp-content\/uploads\/2025\/11\/absinthe-la-folle-70cl.webp 1000w\" sizes=\"(max-width: 600px) 100vw, 600px\" \/>\t\t<\/a>\n\n\t\t\n\t\t<div class=\"wrapp-swatches\"><\/div>\n\t<\/div>\n\n\t<div class=\"product-element-bottom product-information\">\n\t\t<h3 class=\"wd-entities-title\"><a href=\"https:\/\/www.absinthemarket.com\/de\/produkt\/absinthe-la-folle\/\">Absinth La Folle 70cl<\/a><\/h3>\t\t\t\t<div class=\"product-rating-price\">\n\t\t\t<div class=\"wrapp-product-price\">\n\t\t\t\t\n\t<span class=\"price\"><span class=\"woocommerce-Price-amount amount\"><bdi><span class=\"woocommerce-Price-currencySymbol\">&#67;&#72;&#70;<\/span>&nbsp;59.00<\/bdi><\/span><\/span>\n\t\t\t\t\t\t\t<\/div>\n\t\t<\/div>\n\t\t\t\t<div class=\"wd-product-card-hover fade-in-block wd-scroll\">\n\t\t\t<div class=\"hover-content wd-more-desc\">\n\t\t\t\t<div class=\"hover-content-inner wd-more-desc-inner\">\n\t\t\t\t\tEntdecken Sie einen verr\u00fcckten weissen Absinth \u2013 ein augenzwinkernder Verweis auf das Absinthverbot von 1910, als man der Gr\u00fcnen Fee nachsagte, sie mache wahnsinnig. \u201eLa Folle\u201c ist vor allem eine Hommage an die urspr\u00fcnglichen, ausgewogenen, runden Absinths\u2026 mit einem kleinen w\u00fcrzig-kr\u00e4uterigen Twist, der den Unterschied macht.\r\n\r\nBrenner: <a href=\"https:\/\/www.absinthemarket.com\/de\/herve-beuret-sylvie-jeanmairet\/\">Herv\u00e9 Beuret und Sylvie Jeanmairet<\/a>\r\nAlkoholgehalt: 54 Vol.-%\r\nInhalt: 70cl\t\t\t\t<\/div>\n\t\t\t\t<a href=\"#\" rel=\"nofollow\" class=\"wd-more-desc-btn\" aria-label=\"Read more description\"><\/a>\n\t\t\t<\/div>\n\t\t\t<div class=\" wd-bottom-actions\">\n\t\t\t\t<div class=\"wrap-wishlist-button\">\t\t\t<div class=\"wd-wishlist-btn wd-action-btn wd-style-icon wd-wishlist-icon\">\n\t\t\t\t<a class=\"\" href=\"https:\/\/www.absinthemarket.com\/de\/meine-wunschzettel\/\" data-key=\"56aa19b9c5\" data-product-id=\"10606\" rel=\"nofollow\">\n\t\t\t\t\t<span class=\"wd-action-icon\">\n\t\t\t\t\t\t<span class=\"wd-check-icon\"><\/span>\n\t\t\t\t\t<\/span>\n\t\t\t\t\t<span class=\"wd-action-text\">Zur Merkliste hinzuf\u00fcgen<\/span>\n\t\t\t\t<\/a>\n\t\t\t<\/div>\n\t\t<\/div>\n\t\t\t\t<div class=\"wd-add-btn wd-add-btn-replace\">\n\t\t\t\t\t<a href=\"\/de\/wp-json\/wp\/v2\/pages\/10509?add-to-cart=10607\" aria-describedby=\"woocommerce_loop_add_to_cart_link_describedby_10607\" data-quantity=\"1\" class=\"button product_type_simple add_to_cart_button ajax_add_to_cart add-to-cart-loop\" data-product_id=\"10607\" data-product_sku=\"\" aria-label=\"In den Warenkorb legen: \u201eAbsinth La Folle 70cl\u201c\" rel=\"nofollow\" data-success_message=\"\u201eAbsinth La Folle 70cl\u201c wurde deinem Warenkorb hinzugef\u00fcgt\" role=\"button\"><span class=\"wd-action-icon\"><span class=\"wd-check-icon\"><\/span><\/span><span class=\"wd-action-text\">In den Warenkorb<\/span><\/a>\t<span id=\"woocommerce_loop_add_to_cart_link_describedby_10607\" class=\"screen-reader-text\">\n\t\t\t<\/span>\n\t\t\t\t\t\t\t\t\t\t\t<span class=\"gtm4wp_productdata\" style=\"display:none; visibility:hidden;\" data-gtm4wp_product_data=\"{&quot;internal_id&quot;:10607,&quot;item_id&quot;:10607,&quot;item_name&quot;:&quot;Absinth La Folle 70cl&quot;,&quot;sku&quot;:10607,&quot;price&quot;:59,&quot;stocklevel&quot;:9976,&quot;stockstatus&quot;:&quot;instock&quot;,&quot;google_business_vertical&quot;:&quot;retail&quot;,&quot;item_category&quot;:&quot;Klare Absinthe&quot;,&quot;id&quot;:10607,&quot;productlink&quot;:&quot;https:\\\/\\\/www.absinthemarket.com\\\/de\\\/produkt\\\/absinthe-la-folle\\\/&quot;,&quot;item_list_name&quot;:&quot;General Product List&quot;,&quot;index&quot;:2,&quot;product_type&quot;:&quot;simple&quot;,&quot;item_brand&quot;:&quot;&quot;}\"><\/span>\t\t\t\t\t\t\t\t\t<\/div>\n\t\t\t\t<div class=\"wrap-quickview-button\">\t\t<div class=\"wd-quick-view-btn wd-quick-view-icon wd-action-btn wd-style-icon\">\n\t\t\t<a\n\t\t\t\thref=\"https:\/\/www.absinthemarket.com\/de\/produkt\/absinthe-la-folle\/\"\n\t\t\t\tclass=\"open-quick-view\"\n\t\t\t\trel=\"nofollow\"\n\t\t\t\tdata-id=\"10607\"\n\t\t\t\t>\n\t\t\t\t\t<span class=\"wd-action-icon\"><\/span>\n\t\t\t\t\t<span class=\"wd-action-text\">\n\t\t\t\t\t\tSchnellansicht\t\t\t\t\t<\/span>\n\t\t\t<\/a>\n\t\t<\/div>\n\t\t<\/div>\n\t\t\t<\/div>\n\n\t\t\t\t\t\t\n\t\t\t\t\t<\/div>\n\t<\/div>\n<\/div>\n<\/div>\n<div class=\"wd-product wd-col wd-hover-base wd-hover-with-fade product-no-swatches product-grid-item product type-product post-10623 status-publish instock product_cat-gruene-absinthe has-post-thumbnail taxable shipping-taxable purchasable product-type-simple\" data-loop=\"2\" data-id=\"10623\">\n\t\n<div class=\"wd-product-wrapper product-wrapper\">\n\t<div class=\"wd-product-card-bg content-product-imagin\"><\/div>\n\t<div class=\"wd-product-thumb product-element-top wd-quick-shop\">\n\t\t<a href=\"https:\/\/www.absinthemarket.com\/de\/produkt\/absinthe-la-folle-furieuse\/\" class=\"wd-product-img-link product-image-link\" tabindex=\"-1\" aria-label=\"Absinth La Folle Furieuse 50cl\">\n\t\t\t<img decoding=\"async\" width=\"600\" height=\"600\" src=\"https:\/\/www.absinthemarket.com\/wp-content\/uploads\/2025\/11\/absinthe-la-folle-furieuse-50cl-600x600.webp\" class=\"attachment-woocommerce_thumbnail size-woocommerce_thumbnail\" alt=\"Absinthe La Folle Furieuse 50cl\" srcset=\"https:\/\/www.absinthemarket.com\/wp-content\/uploads\/2025\/11\/absinthe-la-folle-furieuse-50cl-600x600.webp 600w, https:\/\/www.absinthemarket.com\/wp-content\/uploads\/2025\/11\/absinthe-la-folle-furieuse-50cl-300x300.webp 300w, https:\/\/www.absinthemarket.com\/wp-content\/uploads\/2025\/11\/absinthe-la-folle-furieuse-50cl-150x150.webp 150w, https:\/\/www.absinthemarket.com\/wp-content\/uploads\/2025\/11\/absinthe-la-folle-furieuse-50cl-768x768.webp 768w, https:\/\/www.absinthemarket.com\/wp-content\/uploads\/2025\/11\/absinthe-la-folle-furieuse-50cl.webp 1000w\" sizes=\"(max-width: 600px) 100vw, 600px\" \/>\t\t<\/a>\n\n\t\t\n\t\t<div class=\"wrapp-swatches\"><\/div>\n\t<\/div>\n\n\t<div class=\"product-element-bottom product-information\">\n\t\t<h3 class=\"wd-entities-title\"><a href=\"https:\/\/www.absinthemarket.com\/de\/produkt\/absinthe-la-folle-furieuse\/\">Absinth La Folle Furieuse 50cl<\/a><\/h3>\t\t\t\t<div class=\"product-rating-price\">\n\t\t\t<div class=\"wrapp-product-price\">\n\t\t\t\t\n\t<span class=\"price\"><span class=\"woocommerce-Price-amount amount\"><bdi><span class=\"woocommerce-Price-currencySymbol\">&#67;&#72;&#70;<\/span>&nbsp;69.00<\/bdi><\/span><\/span>\n\t\t\t\t\t\t\t<\/div>\n\t\t<\/div>\n\t\t\t\t<div class=\"wd-product-card-hover fade-in-block wd-scroll\">\n\t\t\t<div class=\"hover-content wd-more-desc\">\n\t\t\t\t<div class=\"hover-content-inner wd-more-desc-inner\">\n\t\t\t\t\t79\u00b0 Alkohol \u2013 damit geh\u00f6rt sie zu den st\u00e4rksten Absinths in unserem Sortiment! Eine subtile, \u00fcberraschend weiche Gr\u00fcne, die eine ungew\u00f6hnliche Note ins Spiel bringt: Fichtenknospen.\r\n\r\nBrenner: <a href=\"https:\/\/www.absinthemarket.com\/de\/herve-beuret-sylvie-jeanmairet\/\">Herv\u00e9 Beuret und Sylvie Jeanmairet<\/a>\r\nAlkoholgehalt: 79 Vol.-%\r\nInhalt: 50cl\t\t\t\t<\/div>\n\t\t\t\t<a href=\"#\" rel=\"nofollow\" class=\"wd-more-desc-btn\" aria-label=\"Read more description\"><\/a>\n\t\t\t<\/div>\n\t\t\t<div class=\" wd-bottom-actions\">\n\t\t\t\t<div class=\"wrap-wishlist-button\">\t\t\t<div class=\"wd-wishlist-btn wd-action-btn wd-style-icon wd-wishlist-icon\">\n\t\t\t\t<a class=\"\" href=\"https:\/\/www.absinthemarket.com\/de\/meine-wunschzettel\/\" data-key=\"56aa19b9c5\" data-product-id=\"10622\" rel=\"nofollow\">\n\t\t\t\t\t<span class=\"wd-action-icon\">\n\t\t\t\t\t\t<span class=\"wd-check-icon\"><\/span>\n\t\t\t\t\t<\/span>\n\t\t\t\t\t<span class=\"wd-action-text\">Zur Merkliste hinzuf\u00fcgen<\/span>\n\t\t\t\t<\/a>\n\t\t\t<\/div>\n\t\t<\/div>\n\t\t\t\t<div class=\"wd-add-btn wd-add-btn-replace\">\n\t\t\t\t\t<a href=\"\/de\/wp-json\/wp\/v2\/pages\/10509?add-to-cart=10623\" aria-describedby=\"woocommerce_loop_add_to_cart_link_describedby_10623\" data-quantity=\"1\" class=\"button product_type_simple add_to_cart_button ajax_add_to_cart add-to-cart-loop\" data-product_id=\"10623\" data-product_sku=\"\" aria-label=\"In den Warenkorb legen: \u201eAbsinth La Folle Furieuse 50cl\u201c\" rel=\"nofollow\" data-success_message=\"\u201eAbsinth La Folle Furieuse 50cl\u201c wurde deinem Warenkorb hinzugef\u00fcgt\" role=\"button\"><span class=\"wd-action-icon\"><span class=\"wd-check-icon\"><\/span><\/span><span class=\"wd-action-text\">In den Warenkorb<\/span><\/a>\t<span id=\"woocommerce_loop_add_to_cart_link_describedby_10623\" class=\"screen-reader-text\">\n\t\t\t<\/span>\n\t\t\t\t\t\t\t\t\t\t\t<span class=\"gtm4wp_productdata\" style=\"display:none; visibility:hidden;\" data-gtm4wp_product_data=\"{&quot;internal_id&quot;:10623,&quot;item_id&quot;:10623,&quot;item_name&quot;:&quot;Absinth La Folle Furieuse 50cl&quot;,&quot;sku&quot;:10623,&quot;price&quot;:69,&quot;stocklevel&quot;:999,&quot;stockstatus&quot;:&quot;instock&quot;,&quot;google_business_vertical&quot;:&quot;retail&quot;,&quot;item_category&quot;:&quot;Gr\\u00fcne Absinthe&quot;,&quot;id&quot;:10623,&quot;productlink&quot;:&quot;https:\\\/\\\/www.absinthemarket.com\\\/de\\\/produkt\\\/absinthe-la-folle-furieuse\\\/&quot;,&quot;item_list_name&quot;:&quot;General Product List&quot;,&quot;index&quot;:3,&quot;product_type&quot;:&quot;simple&quot;,&quot;item_brand&quot;:&quot;&quot;}\"><\/span>\t\t\t\t\t\t\t\t\t<\/div>\n\t\t\t\t<div class=\"wrap-quickview-button\">\t\t<div class=\"wd-quick-view-btn wd-quick-view-icon wd-action-btn wd-style-icon\">\n\t\t\t<a\n\t\t\t\thref=\"https:\/\/www.absinthemarket.com\/de\/produkt\/absinthe-la-folle-furieuse\/\"\n\t\t\t\tclass=\"open-quick-view\"\n\t\t\t\trel=\"nofollow\"\n\t\t\t\tdata-id=\"10623\"\n\t\t\t\t>\n\t\t\t\t\t<span class=\"wd-action-icon\"><\/span>\n\t\t\t\t\t<span class=\"wd-action-text\">\n\t\t\t\t\t\tSchnellansicht\t\t\t\t\t<\/span>\n\t\t\t<\/a>\n\t\t<\/div>\n\t\t<\/div>\n\t\t\t<\/div>\n\n\t\t\t\t\t\t\n\t\t\t\t\t<\/div>\n\t<\/div>\n<\/div>\n<\/div>\n<div class=\"wd-product wd-col wd-hover-base wd-hover-with-fade product-no-swatches product-grid-item product type-product post-10625 status-publish last instock product_cat-spezielle-absinthe has-post-thumbnail taxable shipping-taxable purchasable product-type-simple\" data-loop=\"3\" data-id=\"10625\">\n\t\n<div class=\"wd-product-wrapper product-wrapper\">\n\t<div class=\"wd-product-card-bg content-product-imagin\"><\/div>\n\t<div class=\"wd-product-thumb product-element-top wd-quick-shop\">\n\t\t<a href=\"https:\/\/www.absinthemarket.com\/de\/produkt\/absinthe-folle-a-lier\/\" class=\"wd-product-img-link product-image-link\" tabindex=\"-1\" aria-label=\"Absinth La Folle \u00e0 Lier 50cl\">\n\t\t\t<img decoding=\"async\" width=\"600\" height=\"600\" src=\"https:\/\/www.absinthemarket.com\/wp-content\/uploads\/2025\/11\/absinthe-la-folle-a-lier-50cl-600x600.webp\" class=\"attachment-woocommerce_thumbnail size-woocommerce_thumbnail\" alt=\"Absinthe La Folle \u00e0 Lier 50cl\" srcset=\"https:\/\/www.absinthemarket.com\/wp-content\/uploads\/2025\/11\/absinthe-la-folle-a-lier-50cl-600x600.webp 600w, https:\/\/www.absinthemarket.com\/wp-content\/uploads\/2025\/11\/absinthe-la-folle-a-lier-50cl-300x300.webp 300w, https:\/\/www.absinthemarket.com\/wp-content\/uploads\/2025\/11\/absinthe-la-folle-a-lier-50cl-150x150.webp 150w, https:\/\/www.absinthemarket.com\/wp-content\/uploads\/2025\/11\/absinthe-la-folle-a-lier-50cl-768x768.webp 768w, https:\/\/www.absinthemarket.com\/wp-content\/uploads\/2025\/11\/absinthe-la-folle-a-lier-50cl.webp 1000w\" sizes=\"(max-width: 600px) 100vw, 600px\" \/>\t\t<\/a>\n\n\t\t\n\t\t<div class=\"wrapp-swatches\"><\/div>\n\t<\/div>\n\n\t<div class=\"product-element-bottom product-information\">\n\t\t<h3 class=\"wd-entities-title\"><a href=\"https:\/\/www.absinthemarket.com\/de\/produkt\/absinthe-folle-a-lier\/\">Absinth La Folle \u00e0 Lier 50cl<\/a><\/h3>\t\t\t\t<div class=\"product-rating-price\">\n\t\t\t<div class=\"wrapp-product-price\">\n\t\t\t\t\n\t<span class=\"price\"><span class=\"woocommerce-Price-amount amount\"><bdi><span class=\"woocommerce-Price-currencySymbol\">&#67;&#72;&#70;<\/span>&nbsp;55.00<\/bdi><\/span><\/span>\n\t\t\t\t\t\t\t<\/div>\n\t\t<\/div>\n\t\t\t\t<div class=\"wd-product-card-hover fade-in-block wd-scroll\">\n\t\t\t<div class=\"hover-content wd-more-desc\">\n\t\t\t\t<div class=\"hover-content-inner wd-more-desc-inner\">\n\t\t\t\t\tDieser rosafarbene Absinth wird mit Rhabarbersaft infundiert \u2013 f\u00fcr eine sympathische, leicht s\u00e4uerliche Note. Leicht (54\u00b0) und poppig, l\u00e4sst er sich bestens mixen und eignet sich f\u00fcr \u00fcberraschende, richtig funkelnde Cocktails.\r\n\r\nBrenner: <a href=\"https:\/\/www.absinthemarket.com\/de\/herve-beuret-sylvie-jeanmairet\/\">Herv\u00e9 Beuret und Sylvie Jeanmairet<\/a>\r\nAlkoholgehalt: 54 Vol.-%\r\nInhalt: 50cl\t\t\t\t<\/div>\n\t\t\t\t<a href=\"#\" rel=\"nofollow\" class=\"wd-more-desc-btn\" aria-label=\"Read more description\"><\/a>\n\t\t\t<\/div>\n\t\t\t<div class=\" wd-bottom-actions\">\n\t\t\t\t<div class=\"wrap-wishlist-button\">\t\t\t<div class=\"wd-wishlist-btn wd-action-btn wd-style-icon wd-wishlist-icon\">\n\t\t\t\t<a class=\"\" href=\"https:\/\/www.absinthemarket.com\/de\/meine-wunschzettel\/\" data-key=\"56aa19b9c5\" data-product-id=\"10624\" rel=\"nofollow\">\n\t\t\t\t\t<span class=\"wd-action-icon\">\n\t\t\t\t\t\t<span class=\"wd-check-icon\"><\/span>\n\t\t\t\t\t<\/span>\n\t\t\t\t\t<span class=\"wd-action-text\">Zur Merkliste hinzuf\u00fcgen<\/span>\n\t\t\t\t<\/a>\n\t\t\t<\/div>\n\t\t<\/div>\n\t\t\t\t<div class=\"wd-add-btn wd-add-btn-replace\">\n\t\t\t\t\t<a href=\"\/de\/wp-json\/wp\/v2\/pages\/10509?add-to-cart=10625\" aria-describedby=\"woocommerce_loop_add_to_cart_link_describedby_10625\" data-quantity=\"1\" class=\"button product_type_simple add_to_cart_button ajax_add_to_cart add-to-cart-loop\" data-product_id=\"10625\" data-product_sku=\"\" aria-label=\"In den Warenkorb legen: \u201eAbsinth La Folle \u00e0 Lier 50cl\u201c\" rel=\"nofollow\" data-success_message=\"\u201eAbsinth La Folle \u00e0 Lier 50cl\u201c wurde deinem Warenkorb hinzugef\u00fcgt\" role=\"button\"><span class=\"wd-action-icon\"><span class=\"wd-check-icon\"><\/span><\/span><span class=\"wd-action-text\">In den Warenkorb<\/span><\/a>\t<span id=\"woocommerce_loop_add_to_cart_link_describedby_10625\" class=\"screen-reader-text\">\n\t\t\t<\/span>\n\t\t\t\t\t\t\t\t\t\t\t<span class=\"gtm4wp_productdata\" style=\"display:none; visibility:hidden;\" data-gtm4wp_product_data=\"{&quot;internal_id&quot;:10625,&quot;item_id&quot;:10625,&quot;item_name&quot;:&quot;Absinth La Folle \\u00e0 Lier 50cl&quot;,&quot;sku&quot;:10625,&quot;price&quot;:55,&quot;stocklevel&quot;:9973,&quot;stockstatus&quot;:&quot;instock&quot;,&quot;google_business_vertical&quot;:&quot;retail&quot;,&quot;item_category&quot;:&quot;Spezielle Absinthe&quot;,&quot;id&quot;:10625,&quot;productlink&quot;:&quot;https:\\\/\\\/www.absinthemarket.com\\\/de\\\/produkt\\\/absinthe-folle-a-lier\\\/&quot;,&quot;item_list_name&quot;:&quot;General Product List&quot;,&quot;index&quot;:4,&quot;product_type&quot;:&quot;simple&quot;,&quot;item_brand&quot;:&quot;&quot;}\"><\/span>\t\t\t\t\t\t\t\t\t<\/div>\n\t\t\t\t<div class=\"wrap-quickview-button\">\t\t<div class=\"wd-quick-view-btn wd-quick-view-icon wd-action-btn wd-style-icon\">\n\t\t\t<a\n\t\t\t\thref=\"https:\/\/www.absinthemarket.com\/de\/produkt\/absinthe-folle-a-lier\/\"\n\t\t\t\tclass=\"open-quick-view\"\n\t\t\t\trel=\"nofollow\"\n\t\t\t\tdata-id=\"10625\"\n\t\t\t\t>\n\t\t\t\t\t<span class=\"wd-action-icon\"><\/span>\n\t\t\t\t\t<span class=\"wd-action-text\">\n\t\t\t\t\t\tSchnellansicht\t\t\t\t\t<\/span>\n\t\t\t<\/a>\n\t\t<\/div>\n\t\t<\/div>\n\t\t\t<\/div>\n\n\t\t\t\t\t\t\n\t\t\t\t\t<\/div>\n\t<\/div>\n<\/div>\n<\/div>\n\t\t\t<\/div>\n\t\t\t<\/div>[\/vc_column][\/vc_row]<\/p>\n<\/div>","protected":false},"excerpt":{"rendered":"<p>[vc_row][vc_column][vc_single_image image=&#8220;10517&#8243; img_size=&#8220;full&#8220; css=&#8220;&#8220; parallax_scroll=&#8220;no&#8220; woodmart_inline=&#8220;no&#8220;][vc_column_text css=&#8220;&#8220; text_larger=&#8220;no&#8220; el_class=&#8220;article&#8220; woodmart_inline=&#8220;no&#8220;]Ort: Fleurier, Val-de-Travers Sie geh\u00f6ren zu dieser neuen Generation von Destillateuren,<\/p>\n","protected":false},"author":1,"featured_media":10517,"parent":0,"menu_order":0,"comment_status":"closed","ping_status":"closed","template":"","meta":{"footnotes":""},"class_list":["post-10509","page","type-page","status-publish","has-post-thumbnail","hentry"],"_links":{"self":[{"href":"https:\/\/www.absinthemarket.com\/de\/wp-json\/wp\/v2\/pages\/10509","targetHints":{"allow":["GET"]}}],"collection":[{"href":"https:\/\/www.absinthemarket.com\/de\/wp-json\/wp\/v2\/pages"}],"about":[{"href":"https:\/\/www.absinthemarket.com\/de\/wp-json\/wp\/v2\/types\/page"}],"author":[{"embeddable":true,"href":"https:\/\/www.absinthemarket.com\/de\/wp-json\/wp\/v2\/users\/1"}],"replies":[{"embeddable":true,"href":"https:\/\/www.absinthemarket.com\/de\/wp-json\/wp\/v2\/comments?post=10509"}],"version-history":[{"count":15,"href":"https:\/\/www.absinthemarket.com\/de\/wp-json\/wp\/v2\/pages\/10509\/revisions"}],"predecessor-version":[{"id":10637,"href":"https:\/\/www.absinthemarket.com\/de\/wp-json\/wp\/v2\/pages\/10509\/revisions\/10637"}],"wp:featuredmedia":[{"embeddable":true,"href":"https:\/\/www.absinthemarket.com\/de\/wp-json\/wp\/v2\/media\/10517"}],"wp:attachment":[{"href":"https:\/\/www.absinthemarket.com\/de\/wp-json\/wp\/v2\/media?parent=10509"}],"curies":[{"name":"wp","href":"https:\/\/api.w.org\/{rel}","templated":true}]}}